{"id":2,"date":"2014-08-11T09:35:48","date_gmt":"2014-08-11T09:35:48","guid":{"rendered":"http:\/\/xn--1720wrzburg-xhb.de\/\/?page_id=2"},"modified":"2015-12-22T09:44:42","modified_gmt":"2015-12-22T07:44:42","slug":"beispiel-seite","status":"publish","type":"page","link":"https:\/\/xn--1720wrzburg-xhb.de\/?page_id=2","title":{"rendered":"\u00dcber das Blog"},"content":{"rendered":"<h3>\u00dcber 1720W\u00fcrzburg.de<\/h3>\n<p>Am Anfang des Blogs steht die Arbeit von Studenten\u00a0 der Universit\u00e4t W\u00fcrzburg. Im Rahmen einer \u00dcbung von Dr. Robert Meier\u00a0 am Lehrstuhl f\u00fcr Geschichte der fr\u00fchen Neuzeit (Professor Anuschka Tischer) suchen Studenten seit dem Sommersemester 2013 in den Archiven der Region nach Quellen aus dem Jahr 1720. Inhaltlich und formal gibt es keinerlei Einschr\u00e4nkungen. Von Protokollen \u00fcber Rechnungen bis zu Briefen und Akten ist alles m\u00f6glich, was sich in den Archiven befindet. Es kann \u201egro\u00dfe\u201c Geschichte vorkommen, aber auch das \u201ekleine\u201c Schicksal eines Menschen sichtbar werden, der ansonsten als \u201eSand der Geschichte\u201c (Foucault) vergessen ist. Es gibt nur eine Bedingung: die Quelle muss im Jahr 1720 entstanden sein oder sich auf dieses Jahr beziehen. Die Studenten transkribieren die Vorlage, erl\u00e4utern sie inhaltlich und erstellen einen kurzen Text zur Publikation im World Wide Web.<\/p>\n<p>Aus den Einzeltexten entsteht mit der Zeit eine \u201egro\u00dfe Erz\u00e4hlung\u201c \u00fcber die Region Unterfranken im Jahr 1720. Abbildungen der Vorlagen und der Transkriptionen werden diese Texte erg\u00e4nzen und das Element der Authentizit\u00e4t st\u00e4rken. Ziel ist, Kulturgeschichte Unterfrankens in einem Panorama zum Jahr 1720 sichtbar werden zu lassen. Das Blog beruht auch auf Zufall &#8211;\u00a0 niemand wei\u00df, was Studenten finden &#8211; , und ist jederzeit offen f\u00fcr Ver\u00e4nderungen und Erweiterungen. Es wird die Vielfalt und den Reichtum der \u00dcberlieferung zeigen, die das Leben fr\u00fcherer Menschen in den Archiven hinterlassen hat.<\/p>\n<h3>Warum 1720?<\/h3>\n<p>Ganz einfach: 1720 wurde der Grundstein der Residenz W\u00fcrzburg gelegt.<\/p>\n","protected":false},"excerpt":{"rendered":"<p>\u00dcber 1720W\u00fcrzburg.de Am Anfang des Blogs steht die Arbeit von Studenten\u00a0 der Universit\u00e4t W\u00fcrzburg. Im Rahmen einer \u00dcbung von Dr. Robert Meier\u00a0 am Lehrstuhl f\u00fcr Geschichte der fr\u00fchen Neuzeit (Professor Anuschka Tischer) suchen Studenten seit dem Sommersemester 2013 in den Archiven der Region nach Quellen aus dem Jahr 1720. Inhaltlich und formal gibt es keinerlei &hellip; <a href=\"https:\/\/xn--1720wrzburg-xhb.de\/?page_id=2\" class=\"more-link\"><span class=\"screen-reader-text\">\u00dcber das Blog<\/span> weiterlesen <span class=\"meta-nav\">&rarr;<\/span><\/a><\/p>\n","protected":false},"author":1,"featured_media":0,"parent":0,"menu_order":0,"comment_status":"closed","ping_status":"closed","template":"","meta":{"footnotes":""},"_links":{"self":[{"href":"https:\/\/xn--1720wrzburg-xhb.de\/index.php?rest_route=\/wp\/v2\/pages\/2"}],"collection":[{"href":"https:\/\/xn--1720wrzburg-xhb.de\/index.php?rest_route=\/wp\/v2\/pages"}],"about":[{"href":"https:\/\/xn--1720wrzburg-xhb.de\/index.php?rest_route=\/wp\/v2\/types\/page"}],"author":[{"embeddable":true,"href":"https:\/\/xn--1720wrzburg-xhb.de\/index.php?rest_route=\/wp\/v2\/users\/1"}],"replies":[{"embeddable":true,"href":"https:\/\/xn--1720wrzburg-xhb.de\/index.php?rest_route=%2Fwp%2Fv2%2Fcomments&post=2"}],"version-history":[{"count":3,"href":"https:\/\/xn--1720wrzburg-xhb.de\/index.php?rest_route=\/wp\/v2\/pages\/2\/revisions"}],"predecessor-version":[{"id":22,"href":"https:\/\/xn--1720wrzburg-xhb.de\/index.php?rest_route=\/wp\/v2\/pages\/2\/revisions\/22"}],"wp:attachment":[{"href":"https:\/\/xn--1720wrzburg-xhb.de\/index.php?rest_route=%2Fwp%2Fv2%2Fmedia&parent=2"}],"curies":[{"name":"wp","href":"https:\/\/api.w.org\/{rel}","templated":true}]}}